{"id":243,"date":"2018-01-01T18:46:34","date_gmt":"2018-01-01T18:46:34","guid":{"rendered":"http:\/\/xn--entlastungsbro-rsb.ch\/?page_id=243"},"modified":"2018-01-10T19:17:30","modified_gmt":"2018-01-10T19:17:30","slug":"test","status":"publish","type":"page","link":"https:\/\/xn--entlastungsbro-rsb.ch\/","title":{"rendered":""},"content":{"rendered":"<div id=\"pl-243\"  class=\"panel-layout\" ><div id=\"pg-243-0\"  class=\"panel-grid panel-no-style\" ><div id=\"pgc-243-0-0\"  class=\"panel-grid-cell\" ><div id=\"panel-243-0-0-0\" class=\"so-panel widget widget_sow-editor panel-first-child panel-last-child\" data-index=\"0\" ><div\n\t\t\t\n\t\t\tclass=\"so-widget-sow-editor so-widget-sow-editor-base\"\n\t\t\t\n\t\t>\n<div class=\"siteorigin-widget-tinymce textwidget\">\n\t<h3>B\u00fcrokram ... Nein danke!<\/h3>\n<p>Zahlungen erledigen, Post bearbeiten, Steuererkl\u00e4rung ausf\u00fcllen, Rechnungen an Krankenkasse schicken \u2026 Stapeln sich Ihre Unterlagen zu\u00a0Papierbergen und w\u00e4chst Ihnen der l\u00e4stige B\u00fcrokram \u00fcber den Kopf? Oder haben Sie dazu einfach keine Zeit und keine Lust?<\/p>\n<p>Dann rufen Sie <strong>mein Entlastungsb\u00fcro<\/strong> an: Es\u00a0<strong>kommt zu Ihnen nach Hause<\/strong>, um Sie von diesen und weiteren Arbeiten zu befreien - so haben Sie wieder mehr Zeit f\u00fcr Dinge, die Sie gerne tun!<\/p>\n<p><strong>Vereinbaren Sie noch heute einen Termin<\/strong>, damit wir ein unverbindliches Gespr\u00e4ch \u00fcber eine Zusammenarbeit f\u00fchren k\u00f6nnen: <br \/>Telefon 031 305 99 25\u00a0oder <a class=\" link\" href=\"http:\/\/xn--entlastungsbro-rsb.ch\/index.php\/kontakt\/\">E-Mail <\/a>...<\/p>\n<p><strong>Das ist Ihr erster Schritt zu mehr Lebensqualit\u00e4t!<\/strong><\/p>\n<\/div>\n<\/div><\/div><\/div><div id=\"pgc-243-0-1\"  class=\"panel-grid-cell\" ><div id=\"panel-243-0-1-0\" class=\"so-panel widget widget_sow-image panel-first-child panel-last-child\" data-index=\"1\" ><div\n\t\t\t\n\t\t\tclass=\"so-widget-sow-image so-widget-sow-image-default-d6014b76747a-243\"\n\t\t\t\n\t\t>\n\n<div class=\"sow-image-container\">\n\t\t<img src=\"https:\/\/xn--entlastungsbro-rsb.ch\/wp-content\/uploads\/2017\/12\/H\u00e4ngematte-geschnitten.jpg\" width=\"1230\" height=\"959\" srcset=\"https:\/\/xn--entlastungsbro-rsb.ch\/wp-content\/uploads\/2017\/12\/H\u00e4ngematte-geschnitten.jpg 1230w, https:\/\/xn--entlastungsbro-rsb.ch\/wp-content\/uploads\/2017\/12\/H\u00e4ngematte-geschnitten-300x234.jpg 300w, https:\/\/xn--entlastungsbro-rsb.ch\/wp-content\/uploads\/2017\/12\/H\u00e4ngematte-geschnitten-768x599.jpg 768w, https:\/\/xn--entlastungsbro-rsb.ch\/wp-content\/uploads\/2017\/12\/H\u00e4ngematte-geschnitten-1024x798.jpg 1024w\" sizes=\"(max-width: 1230px) 100vw, 1230px\" title=\"H\u00e4ngematte geschnitten\" alt=\"\" loading=\"lazy\" \t\tclass=\"so-widget-image\"\/>\n\t<\/div>\n\n<\/div><\/div><\/div><\/div><div id=\"pg-243-1\"  class=\"panel-grid panel-no-style\" ><div id=\"pgc-243-1-0\"  class=\"panel-grid-cell\" ><div id=\"panel-243-1-0-0\" class=\"so-panel widget widget_sow-image panel-first-child panel-last-child\" data-index=\"2\" ><div\n\t\t\t\n\t\t\tclass=\"so-widget-sow-image so-widget-sow-image-default-d6014b76747a-243\"\n\t\t\t\n\t\t>\n\n<div class=\"sow-image-container\">\n\t\t<img src=\"https:\/\/xn--entlastungsbro-rsb.ch\/wp-content\/uploads\/2017\/12\/Lektor-1-web.jpeg\" width=\"457\" height=\"346\" srcset=\"https:\/\/xn--entlastungsbro-rsb.ch\/wp-content\/uploads\/2017\/12\/Lektor-1-web.jpeg 457w, https:\/\/xn--entlastungsbro-rsb.ch\/wp-content\/uploads\/2017\/12\/Lektor-1-web-300x227.jpeg 300w\" sizes=\"(max-width: 457px) 100vw, 457px\" title=\"Lektor 1 web\" alt=\"\" loading=\"lazy\" \t\tclass=\"so-widget-image\"\/>\n\t<\/div>\n\n<\/div><\/div><\/div><div id=\"pgc-243-1-1\"  class=\"panel-grid-cell\" ><div id=\"panel-243-1-1-0\" class=\"so-panel widget widget_sow-editor panel-first-child panel-last-child\" data-index=\"3\" ><div\n\t\t\t\n\t\t\tclass=\"so-widget-sow-editor so-widget-sow-editor-base\"\n\t\t\t\n\t\t>\n<div class=\"siteorigin-widget-tinymce textwidget\">\n\t<h3>Richtiges Deutsch ... (k)eine Gl\u00fcckssache!<\/h3>\n<p>Haben Sie einen Text in deutscher Sprache geschrieben und w\u00fcnschen vor dem Druck oder der elektronischen Ver\u00f6ffentlichung eine sorgf\u00e4ltige \u00dcberpr\u00fcfung von Orthografie, Grammatik, Interpunktion und Typografie?<\/p>\n<p>Dann rufen Sie <strong>mein Entlastungsb\u00fcro<\/strong> an: Es <strong>\u00fcberpr\u00fcft Ihren Text und eliminiert allf\u00e4llige Fehler, ohne Ihrem Schreibstil wehzutun<\/strong> - so k\u00f6nnen Sie den Auftrag zur Ver\u00f6ffentlichung unbesorgt erteilen.<\/p>\n<p><strong>Engagieren Sie meine Augen f\u00fcrs Korrekturlesen<\/strong>:\u00a0Telefon 031 305 99 25 oder <a class=\" link\" href=\"http:\/\/xn--entlastungsbro-rsb.ch\/index.php\/kontakt\/\">E-Mail<\/a> \u2026<\/p>\n<\/div>\n<\/div><\/div><\/div><\/div><\/div>","protected":false},"excerpt":{"rendered":"<p>B\u00fcrokram &#8230; Nein danke! Zahlungen erledigen, Post bearbeiten, Steuererkl\u00e4rung ausf\u00fcllen, Rechnungen an Krankenkasse schicken \u2026 Stapeln sich Ihre Unterlagen zu\u00a0Papierbergen und w\u00e4chst Ihnen der l\u00e4stige B\u00fcrokram \u00fcber den Kopf? Oder haben Sie dazu einfach keine Zeit und keine Lust? Dann &hellip; <a href=\"https:\/\/xn--entlastungsbro-rsb.ch\/\">Weiter<\/a><\/p>\n","protected":false},"author":1,"featured_media":0,"parent":0,"menu_order":0,"comment_status":"closed","ping_status":"closed","template":"page-fullwidth.php","meta":{"kt_blocks_editor_width":""},"_links":{"self":[{"href":"https:\/\/xn--entlastungsbro-rsb.ch\/index.php\/wp-json\/wp\/v2\/pages\/243"}],"collection":[{"href":"https:\/\/xn--entlastungsbro-rsb.ch\/index.php\/wp-json\/wp\/v2\/pages"}],"about":[{"href":"https:\/\/xn--entlastungsbro-rsb.ch\/index.php\/wp-json\/wp\/v2\/types\/page"}],"author":[{"embeddable":true,"href":"https:\/\/xn--entlastungsbro-rsb.ch\/index.php\/wp-json\/wp\/v2\/users\/1"}],"replies":[{"embeddable":true,"href":"https:\/\/xn--entlastungsbro-rsb.ch\/index.php\/wp-json\/wp\/v2\/comments?post=243"}],"version-history":[{"count":19,"href":"https:\/\/xn--entlastungsbro-rsb.ch\/index.php\/wp-json\/wp\/v2\/pages\/243\/revisions"}],"predecessor-version":[{"id":246,"href":"https:\/\/xn--entlastungsbro-rsb.ch\/index.php\/wp-json\/wp\/v2\/pages\/243\/revisions\/246"}],"wp:attachment":[{"href":"https:\/\/xn--entlastungsbro-rsb.ch\/index.php\/wp-json\/wp\/v2\/media?parent=243"}],"curies":[{"name":"wp","href":"https:\/\/api.w.org\/{rel}","templated":true}]}}